{"id":10417,"date":"2023-08-29T00:04:43","date_gmt":"2023-08-29T00:04:43","guid":{"rendered":"https:\/\/majesticmedia.ba\/?page_id=10417"},"modified":"2023-09-02T20:23:51","modified_gmt":"2023-09-02T20:23:51","slug":"privacy-policy","status":"publish","type":"page","link":"https:\/\/majesticmedia.ba\/en\/privacy-policy\/","title":{"rendered":"Privacy Policy"},"content":{"rendered":"<div data-elementor-type=\"wp-page\" data-elementor-id=\"10417\" class=\"elementor elementor-10417\">\n\t\t\t\t\t\t\t\t\t<section class=\"elementor-section elementor-top-section elementor-element elementor-element-10109b63 elementor-section-full_width qodef-elementor-content-grid elementor-section-height-default elementor-section-height-default\" data-id=\"10109b63\" data-element_type=\"section\">\n\t\t\t\t\t\t<div class=\"elementor-container elementor-column-gap-default\">\n\t\t\t\t\t<div class=\"elementor-column elementor-col-50 elementor-top-column elementor-element elementor-element-413a6564\" data-id=\"413a6564\" data-element_type=\"column\">\n\t\t\t<div class=\"elementor-widget-wrap elementor-element-populated\">\n\t\t\t\t\t\t\t\t<div class=\"elementor-element elementor-element-42a7303 elementor-widget elementor-widget-text-editor\" data-id=\"42a7303\" data-element_type=\"widget\" data-widget_type=\"text-editor.default\">\n\t\t\t\t<div class=\"elementor-widget-container\">\n\t\t\t<style>\/*! elementor - v3.12.0 - 29-03-2023 *\/\n.elementor-widget-text-editor.elementor-drop-cap-view-stacked .elementor-drop-cap{background-color:#69727d;color:#fff}.elementor-widget-text-editor.elementor-drop-cap-view-framed .elementor-drop-cap{color:#69727d;border:3px solid;background-color:transparent}.elementor-widget-text-editor:not(.elementor-drop-cap-view-default) .elementor-drop-cap{margin-top:8px}.elementor-widget-text-editor:not(.elementor-drop-cap-view-default) .elementor-drop-cap-letter{width:1em;height:1em}.elementor-widget-text-editor .elementor-drop-cap{float:left;text-align:center;line-height:1;font-size:50px}.elementor-widget-text-editor .elementor-drop-cap-letter{display:inline-block}<\/style>\t\t\t\t<h2>PRIVACY POLICY<\/h2>\n<p>This Privacy Policy describes how Majestic Media d.o.o. (hereinafter referred to as \u201cus\u201d, \u201cwe\u201d or \u201cour\u201d) collects, uses and protects your personal information when you use our website or services.<\/p>\n<p>By accessing or using our services, you agree to the terms stated in this policy.<\/p>\n<h3>INFORMATION WE COLLECT<\/h3>\n<p>We may collect various types of personal information when you communicate with us, including but not limited to:<\/p>\n<ul>\n<li>Contact information: name, email address, phone number, etc.<\/li>\n<li>Demographic data: location, age, gender, etc.<\/li>\n<li>Usage data: interaction with our website, pages visited, clicks, etc.<\/li>\n<li>Communication Data: Information exchanged via e-mail, contact forms, etc.<\/li>\n<\/ul>\n<h3>HOW WE USE YOUR DATA<\/h3>\n<p>We use your personal information for a variety of purposes, including but not limited to:<\/p>\n<ul>\n<li>Providing and improving our services.<\/li>\n<li>Communicating with you about our services, promotions and updates.<\/li>\n<li>Monitoring and analysis of website operation and user behavior.<\/li>\n<li>Compliance with legal obligations.<\/li>\n<\/ul>\n<h3>SHARING OF YOUR INFORMATION<\/h3>\n<p>We may share your information with third parties under certain circumstances, including:<\/p>\n<ul>\n<li>Service Providers: Partners and vendors who help us provide our services.<\/li>\n<li>Legal requirements: when required by law or to protect our rights and safety.<\/li>\n<li>Business Transfers: In the event of a merger, acquisition or sale of our assets.<\/li>\n<\/ul>\n<h3>COOKIES AND TRACKING TECHNOLOGIES<\/h3>\n<p>We use cookies and similar tracking technologies to improve your experience on our website, improve our services and collect information about usage patterns.<\/p>\n<p>You can adjust your browser settings to reject cookies or notify you when they are being used.<\/p>\n<h3>YOUR RIGHTS<\/h3>\n<p>You have certain rights in relation to your personal data, including:<\/p>\n<ul>\n<li>Access: Request access to the personal data we hold about you.<\/li>\n<li>Correction: Request for correction of incorrect or incomplete data.<\/li>\n<li>Deletion: Request the deletion of your personal data.<\/li>\n<li>Objection: Objection to the processing of your personal data for specific purposes.<\/li>\n<\/ul>\n<h3>SECURITY MEASURES<\/h3>\n<p>We take security seriously and implement various measures to protect your personal information from unauthorized access, disclosure, alteration or destruction.<\/p>\n<h3>PRIVACY OF CHILDREN<\/h3>\n<p>Our services are not directed at persons under the age of 13. If you believe we have collected information from a child under the age of 13, please contact us and we will take appropriate action.<\/p>\n<h3>CHANGES TO THIS PRIVACY POLICY<\/h3>\n<p>We reserve the right to update this Privacy Policy to reflect changes in our practices or legal requirements, without any specific update notice.<\/p>\n<h3>CONTACT US<\/h3>\n<p>If you have any questions, concerns or requests regarding this Privacy Policy or your personal data, please contact us at info@majesticmedia.ba.<\/p>\t\t\t\t\t\t<\/div>\n\t\t\t\t<\/div>\n\t\t\t\t<div class=\"elementor-element elementor-element-3f619fa elementor-widget elementor-widget-spacer\" data-id=\"3f619fa\" data-element_type=\"widget\" data-widget_type=\"spacer.default\">\n\t\t\t\t<div class=\"elementor-widget-container\">\n\t\t\t<style>\/*! elementor - v3.12.0 - 29-03-2023 *\/\n.elementor-column .elementor-spacer-inner{height:var(--spacer-size)}.e-con{--container-widget-width:100%}.e-con-inner>.elementor-widget-spacer,.e-con>.elementor-widget-spacer{width:var(--container-widget-width,var(--spacer-size));--align-self:var(--container-widget-align-self,initial);--flex-shrink:0}.e-con-inner>.elementor-widget-spacer>.elementor-widget-container,.e-con-inner>.elementor-widget-spacer>.elementor-widget-container>.elementor-spacer,.e-con>.elementor-widget-spacer>.elementor-widget-container,.e-con>.elementor-widget-spacer>.elementor-widget-container>.elementor-spacer{height:100%}.e-con-inner>.elementor-widget-spacer>.elementor-widget-container>.elementor-spacer>.elementor-spacer-inner,.e-con>.elementor-widget-spacer>.elementor-widget-container>.elementor-spacer>.elementor-spacer-inner{height:var(--container-widget-height,var(--spacer-size))}<\/style>\t\t<div class=\"elementor-spacer\">\n\t\t\t<div class=\"elementor-spacer-inner\"><\/div>\n\t\t<\/div>\n\t\t\t\t<\/div>\n\t\t\t\t<\/div>\n\t\t\t\t<div class=\"elementor-element elementor-element-4a19e70e elementor-widget__width-initial elementor-widget-tablet__width-initial elementor-widget-mobile__width-initial elementor-widget elementor-widget-gracey_core_info_section\" data-id=\"4a19e70e\" data-element_type=\"widget\" data-widget_type=\"gracey_core_info_section.default\">\n\t\t\t\t<div class=\"elementor-widget-container\">\n\t\t\t<div class=\"qodef-shortcode qodef-m  qodef-info-section qodef-layout--background-text  qodef-alignment--left qodef-background-text-pos--top-left\">\n\t<div class=\"qodef-m-background-text\">\n\t\t\t<\/div>\n\t<div class=\"qodef-m-info\">\n\t\t\n\t\t\t<h6 class=\"qodef-m-title\" >\n\t\tPassion. Innovation. Communication.\t<\/h6>\n\t\t\t\t\t<\/div>\n<\/div>\n\t\t<\/div>\n\t\t\t\t<\/div>\n\t\t\t\t<div class=\"elementor-element elementor-element-6643f79 elementor-widget elementor-widget-spacer\" data-id=\"6643f79\" data-element_type=\"widget\" data-widget_type=\"spacer.default\">\n\t\t\t\t<div class=\"elementor-widget-container\">\n\t\t\t\t\t<div class=\"elementor-spacer\">\n\t\t\t<div class=\"elementor-spacer-inner\"><\/div>\n\t\t<\/div>\n\t\t\t\t<\/div>\n\t\t\t\t<\/div>\n\t\t\t\t\t<\/div>\n\t\t<\/div>\n\t\t\t\t<div class=\"elementor-column elementor-col-50 elementor-top-column elementor-element elementor-element-5611aa41 elementor-hidden-phone\" data-id=\"5611aa41\" data-element_type=\"column\" data-settings=\"{&quot;background_background&quot;:&quot;classic&quot;}\">\n\t\t\t<div class=\"elementor-widget-wrap elementor-element-populated\">\n\t\t\t\t\t\t\t\t<div class=\"elementor-element elementor-element-1ce9d78a elementor-widget elementor-widget-text-editor\" data-id=\"1ce9d78a\" data-element_type=\"widget\" data-widget_type=\"text-editor.default\">\n\t\t\t\t<div class=\"elementor-widget-container\">\n\t\t\t\t\t\t\t\t\t\t\t\t\t<\/div>\n\t\t\t\t<\/div>\n\t\t\t\t\t<\/div>\n\t\t<\/div>\n\t\t\t\t\t\t\t<\/div>\n\t\t<\/section>\n\t\t\t\t\t\t\t<\/div>","protected":false},"excerpt":{"rendered":"<p>POLITIKA PRIVATNOSTI Ova Politika privatnosti opisuje kako Majestic Media d.o.o. (dalje &#8220;u tekstu kao &#8220;nas&#8221;, &#8220;&#8221;mi&#8221; ili &#8220;na\u0161&#8221;) prikuplja, koristi i \u0161titi va\u0161e li\u010dne podatke kada koristite na\u0161u web stranicu ili usluge. Pristupom ili kori\u0161tenjem na\u0161ih usluga, pristajete na uslove navedene u ovoj politici. INFORMACIJE KOJE PRIKUPLJAMO Mo\u017eemo prikupljati razli\u010dite vrste li\u010dnih podataka kada komunicirate [&hellip;]<\/p>","protected":false},"author":1,"featured_media":8815,"parent":0,"menu_order":0,"comment_status":"closed","ping_status":"closed","template":"","meta":{"footnotes":""},"class_list":["post-10417","page","type-page","status-publish","has-post-thumbnail","hentry"],"yoast_head":"<!-- This site is optimized with the Yoast SEO plugin v26.7 - https:\/\/yoast.com\/wordpress\/plugins\/seo\/ -->\n<title>Privacy Policy | Majestic Media d.o.o.<\/title>\n<meta name=\"description\" content=\"Ova Politika privatnosti opisuje kako Majestic Media doo prikuplja, koristi i \u0161titi va\u0161e li\u010dne podatke kada koristite na\u0161u web stranicu.\" \/>\n<meta name=\"robots\" content=\"index, follow, max-snippet:-1, max-image-preview:large, max-video-preview:-1\" \/>\n<link rel=\"canonical\" href=\"https:\/\/majesticmedia.ba\/en\/privacy-policy\/\" \/>\n<meta property=\"og:locale\" content=\"en_US\" \/>\n<meta property=\"og:type\" content=\"article\" \/>\n<meta property=\"og:title\" content=\"Privacy Policy | Majestic Media d.o.o.\" \/>\n<meta property=\"og:description\" content=\"Ova Politika privatnosti opisuje kako Majestic Media doo prikuplja, koristi i \u0161titi va\u0161e li\u010dne podatke kada koristite na\u0161u web stranicu.\" \/>\n<meta property=\"og:url\" content=\"https:\/\/majesticmedia.ba\/en\/privacy-policy\/\" \/>\n<meta property=\"og:site_name\" content=\"Majestic Media d.o.o.\" \/>\n<meta property=\"article:modified_time\" content=\"2023-09-02T20:23:51+00:00\" \/>\n<meta property=\"og:image\" content=\"https:\/\/majesticmedia.ba\/wp-content\/uploads\/2022\/11\/facebook-cover-2.jpg\" \/>\n\t<meta property=\"og:image:width\" content=\"1640\" \/>\n\t<meta property=\"og:image:height\" content=\"924\" \/>\n\t<meta property=\"og:image:type\" content=\"image\/jpeg\" \/>\n<meta name=\"twitter:card\" content=\"summary_large_image\" \/>\n<meta name=\"twitter:title\" content=\"Privacy Policy | Majestic Media d.o.o.\" \/>\n<meta name=\"twitter:description\" content=\"Ova Politika privatnosti opisuje kako Majestic Media doo prikuplja, koristi i \u0161titi va\u0161e li\u010dne podatke kada koristite na\u0161u web stranicu.\" \/>\n<meta name=\"twitter:image\" content=\"https:\/\/majesticmedia.ba\/wp-content\/uploads\/2022\/11\/facebook-cover-2.jpg\" \/>\n<meta name=\"twitter:label1\" content=\"Est. reading time\" \/>\n\t<meta name=\"twitter:data1\" content=\"2 minutes\" \/>\n<script type=\"application\/ld+json\" class=\"yoast-schema-graph\">{\"@context\":\"https:\/\/schema.org\",\"@graph\":[{\"@type\":\"WebPage\",\"@id\":\"https:\/\/majesticmedia.ba\/privacy-policy\/\",\"url\":\"https:\/\/majesticmedia.ba\/privacy-policy\/\",\"name\":\"Privacy Policy | Majestic Media d.o.o.\",\"isPartOf\":{\"@id\":\"https:\/\/majesticmedia.ba\/#website\"},\"primaryImageOfPage\":{\"@id\":\"https:\/\/majesticmedia.ba\/privacy-policy\/#primaryimage\"},\"image\":{\"@id\":\"https:\/\/majesticmedia.ba\/privacy-policy\/#primaryimage\"},\"thumbnailUrl\":\"https:\/\/majesticmedia.ba\/wp-content\/uploads\/2022\/11\/facebook-cover-2.jpg\",\"datePublished\":\"2023-08-29T00:04:43+00:00\",\"dateModified\":\"2023-09-02T20:23:51+00:00\",\"description\":\"Ova Politika privatnosti opisuje kako Majestic Media doo prikuplja, koristi i \u0161titi va\u0161e li\u010dne podatke kada koristite na\u0161u web stranicu.\",\"breadcrumb\":{\"@id\":\"https:\/\/majesticmedia.ba\/privacy-policy\/#breadcrumb\"},\"inLanguage\":\"en-US\",\"potentialAction\":[{\"@type\":\"ReadAction\",\"target\":[\"https:\/\/majesticmedia.ba\/privacy-policy\/\"]}]},{\"@type\":\"ImageObject\",\"inLanguage\":\"en-US\",\"@id\":\"https:\/\/majesticmedia.ba\/privacy-policy\/#primaryimage\",\"url\":\"https:\/\/majesticmedia.ba\/wp-content\/uploads\/2022\/11\/facebook-cover-2.jpg\",\"contentUrl\":\"https:\/\/majesticmedia.ba\/wp-content\/uploads\/2022\/11\/facebook-cover-2.jpg\",\"width\":1640,\"height\":924},{\"@type\":\"BreadcrumbList\",\"@id\":\"https:\/\/majesticmedia.ba\/privacy-policy\/#breadcrumb\",\"itemListElement\":[{\"@type\":\"ListItem\",\"position\":1,\"name\":\"Home\",\"item\":\"https:\/\/majesticmedia.ba\/\"},{\"@type\":\"ListItem\",\"position\":2,\"name\":\"Privacy Policy\"}]},{\"@type\":\"WebSite\",\"@id\":\"https:\/\/majesticmedia.ba\/#website\",\"url\":\"https:\/\/majesticmedia.ba\/\",\"name\":\"Majestic Media d.o.o.\",\"description\":\"Passion. Innovation. Communication.\",\"publisher\":{\"@id\":\"https:\/\/majesticmedia.ba\/#organization\"},\"potentialAction\":[{\"@type\":\"SearchAction\",\"target\":{\"@type\":\"EntryPoint\",\"urlTemplate\":\"https:\/\/majesticmedia.ba\/?s={search_term_string}\"},\"query-input\":{\"@type\":\"PropertyValueSpecification\",\"valueRequired\":true,\"valueName\":\"search_term_string\"}}],\"inLanguage\":\"en-US\"},{\"@type\":\"Organization\",\"@id\":\"https:\/\/majesticmedia.ba\/#organization\",\"name\":\"Majestic Media d.o.o.\",\"url\":\"https:\/\/majesticmedia.ba\/\",\"logo\":{\"@type\":\"ImageObject\",\"inLanguage\":\"en-US\",\"@id\":\"https:\/\/majesticmedia.ba\/#\/schema\/logo\/image\/\",\"url\":\"https:\/\/majesticmedia.ba\/wp-content\/uploads\/2026\/01\/MM-logo-transparent-150x150-1.png\",\"contentUrl\":\"https:\/\/majesticmedia.ba\/wp-content\/uploads\/2026\/01\/MM-logo-transparent-150x150-1.png\",\"width\":150,\"height\":150,\"caption\":\"Majestic Media d.o.o.\"},\"image\":{\"@id\":\"https:\/\/majesticmedia.ba\/#\/schema\/logo\/image\/\"}}]}<\/script>\n<!-- \/ Yoast SEO plugin. -->","yoast_head_json":{"title":"Privacy Policy | Majestic Media d.o.o.","description":"Ova Politika privatnosti opisuje kako Majestic Media doo prikuplja, koristi i \u0161titi va\u0161e li\u010dne podatke kada koristite na\u0161u web stranicu.","robots":{"index":"index","follow":"follow","max-snippet":"max-snippet:-1","max-image-preview":"max-image-preview:large","max-video-preview":"max-video-preview:-1"},"canonical":"https:\/\/majesticmedia.ba\/en\/privacy-policy\/","og_locale":"en_US","og_type":"article","og_title":"Privacy Policy | Majestic Media d.o.o.","og_description":"Ova Politika privatnosti opisuje kako Majestic Media doo prikuplja, koristi i \u0161titi va\u0161e li\u010dne podatke kada koristite na\u0161u web stranicu.","og_url":"https:\/\/majesticmedia.ba\/en\/privacy-policy\/","og_site_name":"Majestic Media d.o.o.","article_modified_time":"2023-09-02T20:23:51+00:00","og_image":[{"width":1640,"height":924,"url":"https:\/\/majesticmedia.ba\/wp-content\/uploads\/2022\/11\/facebook-cover-2.jpg","type":"image\/jpeg"}],"twitter_card":"summary_large_image","twitter_title":"Privacy Policy | Majestic Media d.o.o.","twitter_description":"Ova Politika privatnosti opisuje kako Majestic Media doo prikuplja, koristi i \u0161titi va\u0161e li\u010dne podatke kada koristite na\u0161u web stranicu.","twitter_image":"https:\/\/majesticmedia.ba\/wp-content\/uploads\/2022\/11\/facebook-cover-2.jpg","twitter_misc":{"Est. reading time":"2 minutes"},"schema":{"@context":"https:\/\/schema.org","@graph":[{"@type":"WebPage","@id":"https:\/\/majesticmedia.ba\/privacy-policy\/","url":"https:\/\/majesticmedia.ba\/privacy-policy\/","name":"Privacy Policy | Majestic Media d.o.o.","isPartOf":{"@id":"https:\/\/majesticmedia.ba\/#website"},"primaryImageOfPage":{"@id":"https:\/\/majesticmedia.ba\/privacy-policy\/#primaryimage"},"image":{"@id":"https:\/\/majesticmedia.ba\/privacy-policy\/#primaryimage"},"thumbnailUrl":"https:\/\/majesticmedia.ba\/wp-content\/uploads\/2022\/11\/facebook-cover-2.jpg","datePublished":"2023-08-29T00:04:43+00:00","dateModified":"2023-09-02T20:23:51+00:00","description":"Ova Politika privatnosti opisuje kako Majestic Media doo prikuplja, koristi i \u0161titi va\u0161e li\u010dne podatke kada koristite na\u0161u web stranicu.","breadcrumb":{"@id":"https:\/\/majesticmedia.ba\/privacy-policy\/#breadcrumb"},"inLanguage":"en-US","potentialAction":[{"@type":"ReadAction","target":["https:\/\/majesticmedia.ba\/privacy-policy\/"]}]},{"@type":"ImageObject","inLanguage":"en-US","@id":"https:\/\/majesticmedia.ba\/privacy-policy\/#primaryimage","url":"https:\/\/majesticmedia.ba\/wp-content\/uploads\/2022\/11\/facebook-cover-2.jpg","contentUrl":"https:\/\/majesticmedia.ba\/wp-content\/uploads\/2022\/11\/facebook-cover-2.jpg","width":1640,"height":924},{"@type":"BreadcrumbList","@id":"https:\/\/majesticmedia.ba\/privacy-policy\/#breadcrumb","itemListElement":[{"@type":"ListItem","position":1,"name":"Home","item":"https:\/\/majesticmedia.ba\/"},{"@type":"ListItem","position":2,"name":"Privacy Policy"}]},{"@type":"WebSite","@id":"https:\/\/majesticmedia.ba\/#website","url":"https:\/\/majesticmedia.ba\/","name":"Majestic Media d.o.o.","description":"Passion. Innovation. Communication.","publisher":{"@id":"https:\/\/majesticmedia.ba\/#organization"},"potentialAction":[{"@type":"SearchAction","target":{"@type":"EntryPoint","urlTemplate":"https:\/\/majesticmedia.ba\/?s={search_term_string}"},"query-input":{"@type":"PropertyValueSpecification","valueRequired":true,"valueName":"search_term_string"}}],"inLanguage":"en-US"},{"@type":"Organization","@id":"https:\/\/majesticmedia.ba\/#organization","name":"Majestic Media d.o.o.","url":"https:\/\/majesticmedia.ba\/","logo":{"@type":"ImageObject","inLanguage":"en-US","@id":"https:\/\/majesticmedia.ba\/#\/schema\/logo\/image\/","url":"https:\/\/majesticmedia.ba\/wp-content\/uploads\/2026\/01\/MM-logo-transparent-150x150-1.png","contentUrl":"https:\/\/majesticmedia.ba\/wp-content\/uploads\/2026\/01\/MM-logo-transparent-150x150-1.png","width":150,"height":150,"caption":"Majestic Media d.o.o."},"image":{"@id":"https:\/\/majesticmedia.ba\/#\/schema\/logo\/image\/"}}]}},"_links":{"self":[{"href":"https:\/\/majesticmedia.ba\/en\/wp-json\/wp\/v2\/pages\/10417","targetHints":{"allow":["GET"]}}],"collection":[{"href":"https:\/\/majesticmedia.ba\/en\/wp-json\/wp\/v2\/pages"}],"about":[{"href":"https:\/\/majesticmedia.ba\/en\/wp-json\/wp\/v2\/types\/page"}],"author":[{"embeddable":true,"href":"https:\/\/majesticmedia.ba\/en\/wp-json\/wp\/v2\/users\/1"}],"replies":[{"embeddable":true,"href":"https:\/\/majesticmedia.ba\/en\/wp-json\/wp\/v2\/comments?post=10417"}],"version-history":[{"count":16,"href":"https:\/\/majesticmedia.ba\/en\/wp-json\/wp\/v2\/pages\/10417\/revisions"}],"predecessor-version":[{"id":10582,"href":"https:\/\/majesticmedia.ba\/en\/wp-json\/wp\/v2\/pages\/10417\/revisions\/10582"}],"wp:featuredmedia":[{"embeddable":true,"href":"https:\/\/majesticmedia.ba\/en\/wp-json\/wp\/v2\/media\/8815"}],"wp:attachment":[{"href":"https:\/\/majesticmedia.ba\/en\/wp-json\/wp\/v2\/media?parent=10417"}],"curies":[{"name":"wp","href":"https:\/\/api.w.org\/{rel}","templated":true}]}}